{"id":726,"date":"2026-03-04T23:00:18","date_gmt":"2026-03-04T23:00:18","guid":{"rendered":"https:\/\/avisionbusiness.com\/?page_id=726"},"modified":"2026-03-13T22:31:54","modified_gmt":"2026-03-13T22:31:54","slug":"nosotros","status":"publish","type":"page","link":"https:\/\/avisionbusiness.com\/espanish\/nosotros\/","title":{"rendered":"Nosotros"},"content":{"rendered":"\t\t<div data-elementor-type=\"wp-page\" data-elementor-id=\"726\" class=\"elementor elementor-726\" data-elementor-post-type=\"page\">\n\t\t\t\t<div class=\"elementor-element elementor-element-e2a27fe e-flex e-con-boxed e-con e-parent\" data-id=\"e2a27fe\" data-element_type=\"container\" data-e-type=\"container\" data-settings=\"{&quot;background_background&quot;:&quot;classic&quot;}\">\n\t\t\t\t\t<div class=\"e-con-inner\">\n\t\t<div class=\"elementor-element elementor-element-a94509f e-con-full e-flex e-con e-child\" data-id=\"a94509f\" data-element_type=\"container\" data-e-type=\"container\">\n\t\t\t\t<div class=\"elementor-element elementor-element-d938a84 elementor-widget elementor-widget-spacer\" data-id=\"d938a84\" data-element_type=\"widget\" data-e-type=\"widget\" data-widget_type=\"spacer.default\">\n\t\t\t\t\t\t\t<div class=\"elementor-spacer\">\n\t\t\t<div class=\"elementor-spacer-inner\"><\/div>\n\t\t<\/div>\n\t\t\t\t\t\t<\/div>\n\t\t\t\t<div class=\"elementor-element elementor-element-2ca6498 animated-slow elementor-invisible elementor-widget elementor-widget-heading\" data-id=\"2ca6498\" data-element_type=\"widget\" data-e-type=\"widget\" data-settings=\"{&quot;_animation&quot;:&quot;zoomIn&quot;}\" data-widget_type=\"heading.default\">\n\t\t\t\t\t<h2 class=\"elementor-heading-title elementor-size-default\">Qui\u00e9nes Somos<\/h2>\t\t\t\t<\/div>\n\t\t\t\t<\/div>\n\t\t\t\t\t<\/div>\n\t\t\t\t<\/div>\n\t\t<div class=\"elementor-element elementor-element-b10ee04 e-flex e-con-boxed e-con e-parent\" data-id=\"b10ee04\" data-element_type=\"container\" data-e-type=\"container\" data-settings=\"{&quot;background_background&quot;:&quot;classic&quot;}\">\n\t\t\t\t\t<div class=\"e-con-inner\">\n\t\t<div class=\"elementor-element elementor-element-8afd14a e-con-full e-flex e-con e-child\" data-id=\"8afd14a\" data-element_type=\"container\" data-e-type=\"container\">\n\t\t\t\t<div class=\"elementor-element elementor-element-8f5054f elementor-widget elementor-widget-spacer\" data-id=\"8f5054f\" data-element_type=\"widget\" data-e-type=\"widget\" data-widget_type=\"spacer.default\">\n\t\t\t\t\t\t\t<div class=\"elementor-spacer\">\n\t\t\t<div class=\"elementor-spacer-inner\"><\/div>\n\t\t<\/div>\n\t\t\t\t\t\t<\/div>\n\t\t\t\t<div class=\"elementor-element elementor-element-a92224b elementor-invisible elementor-widget elementor-widget-heading\" data-id=\"a92224b\" data-element_type=\"widget\" data-e-type=\"widget\" data-settings=\"{&quot;motion_fx_motion_fx_scrolling&quot;:&quot;yes&quot;,&quot;_animation&quot;:&quot;fadeInLeft&quot;,&quot;motion_fx_devices&quot;:[&quot;desktop&quot;,&quot;tablet&quot;,&quot;mobile&quot;]}\" data-widget_type=\"heading.default\">\n\t\t\t\t\t<h2 class=\"elementor-heading-title elementor-size-default\">Como Inicio Todo<\/h2>\t\t\t\t<\/div>\n\t\t\t\t<div class=\"elementor-element elementor-element-60608c7 elementor-invisible elementor-widget elementor-widget-heading\" data-id=\"60608c7\" data-element_type=\"widget\" data-e-type=\"widget\" data-settings=\"{&quot;_animation&quot;:&quot;zoomIn&quot;}\" data-widget_type=\"heading.default\">\n\t\t\t\t\t<h2 class=\"elementor-heading-title elementor-size-default\">Armando Vanegas lleg\u00f3 a Estados Unidos en 2016 como refugiado desde Venezuela. Comenz\u00f3 desde cero, trabajando intensamente en distintos empleos, incluso realizando trabajos f\u00edsicos exigentes en condiciones dif\u00edciles, como limpiar barras de metal con un martillo hidr\u00e1ulico en lugares remotos.<\/h2>\t\t\t\t<\/div>\n\t\t\t\t<div class=\"elementor-element elementor-element-69ff727 elementor-align-left hero-btn elementor-invisible elementor-widget elementor-widget-button\" data-id=\"69ff727\" data-element_type=\"widget\" data-e-type=\"widget\" data-settings=\"{&quot;_animation&quot;:&quot;fadeInLeft&quot;}\" data-widget_type=\"button.default\">\n\t\t\t\t\t\t\t\t\t\t<a class=\"elementor-button elementor-button-link elementor-size-sm\" href=\"#elementor-action%3Aaction%3Dpopup%3Aopen%26settings%3DeyJpZCI6IjY5OCIsInRvZ2dsZSI6ZmFsc2V9\">\n\t\t\t\t\t\t<span class=\"elementor-button-content-wrapper\">\n\t\t\t\t\t\t\t\t\t<span class=\"elementor-button-text\">Quiero escalar mi negocio<\/span>\n\t\t\t\t\t<\/span>\n\t\t\t\t\t<\/a>\n\t\t\t\t\t\t\t\t<\/div>\n\t\t\t\t<\/div>\n\t\t<div class=\"elementor-element elementor-element-4a5f410 e-con-full e-flex e-con e-child\" data-id=\"4a5f410\" data-element_type=\"container\" data-e-type=\"container\">\n\t\t\t\t<div class=\"elementor-element elementor-element-7d4784f elementor-widget elementor-widget-image\" data-id=\"7d4784f\" data-element_type=\"widget\" data-e-type=\"widget\" data-widget_type=\"image.default\">\n\t\t\t\t\t\t\t\t\t\t\t\t\t\t\t<img fetchpriority=\"high\" decoding=\"async\" width=\"679\" height=\"1024\" src=\"https:\/\/avisionbusiness.com\/wp-content\/uploads\/2026\/03\/Gemini_Generated_Image_7brt697brt697brt-679x1024.png\" class=\"attachment-large size-large wp-image-732\" alt=\"\" srcset=\"https:\/\/avisionbusiness.com\/wp-content\/uploads\/2026\/03\/Gemini_Generated_Image_7brt697brt697brt-679x1024.png 679w, https:\/\/avisionbusiness.com\/wp-content\/uploads\/2026\/03\/Gemini_Generated_Image_7brt697brt697brt-199x300.png 199w, https:\/\/avisionbusiness.com\/wp-content\/uploads\/2026\/03\/Gemini_Generated_Image_7brt697brt697brt-768x1158.png 768w, https:\/\/avisionbusiness.com\/wp-content\/uploads\/2026\/03\/Gemini_Generated_Image_7brt697brt697brt.png 832w\" sizes=\"(max-width: 679px) 100vw, 679px\" \/>\t\t\t\t\t\t\t\t\t\t\t\t\t\t\t<\/div>\n\t\t\t\t<\/div>\n\t\t\t\t\t<\/div>\n\t\t\t\t<\/div>\n\t\t<div class=\"elementor-element elementor-element-6d62b21 e-flex e-con-boxed e-con e-parent\" data-id=\"6d62b21\" data-element_type=\"container\" data-e-type=\"container\" data-settings=\"{&quot;background_background&quot;:&quot;classic&quot;}\">\n\t\t\t\t\t<div class=\"e-con-inner\">\n\t\t<div class=\"elementor-element elementor-element-afd628c e-con-full e-flex e-con e-child\" data-id=\"afd628c\" data-element_type=\"container\" data-e-type=\"container\">\n\t\t\t\t<div class=\"elementor-element elementor-element-b2258bc elementor-invisible elementor-widget elementor-widget-heading\" data-id=\"b2258bc\" data-element_type=\"widget\" data-e-type=\"widget\" data-settings=\"{&quot;motion_fx_motion_fx_scrolling&quot;:&quot;yes&quot;,&quot;_animation&quot;:&quot;fadeInLeft&quot;,&quot;motion_fx_devices&quot;:[&quot;desktop&quot;,&quot;tablet&quot;,&quot;mobile&quot;]}\" data-widget_type=\"heading.default\">\n\t\t\t\t\t<h2 class=\"elementor-heading-title elementor-size-default\">Nuestro Enfoque<\/h2>\t\t\t\t<\/div>\n\t\t\t\t<div class=\"elementor-element elementor-element-3114ad9 elementor-invisible elementor-widget elementor-widget-heading\" data-id=\"3114ad9\" data-element_type=\"widget\" data-e-type=\"widget\" data-settings=\"{&quot;_animation&quot;:&quot;zoomIn&quot;}\" data-widget_type=\"heading.default\">\n\t\t\t\t\t<h2 class=\"elementor-heading-title elementor-size-default\">No nos limitamos a generar prospectos. Dise\u00f1amos sistemas comerciales estructurados que captan, convierten y gestionan clientes de forma automatizada.\n\n<\/h2>\t\t\t\t<\/div>\n\t\t\t\t<div class=\"elementor-element elementor-element-2a146ce elementor-invisible elementor-widget elementor-widget-heading\" data-id=\"2a146ce\" data-element_type=\"widget\" data-e-type=\"widget\" data-settings=\"{&quot;_animation&quot;:&quot;zoomIn&quot;}\" data-widget_type=\"heading.default\">\n\t\t\t\t\t<h2 class=\"elementor-heading-title elementor-size-default\">Centralizamos todo en una sola plataforma para ofrecer visibilidad total del proceso de ventas, optimizar la experiencia del cliente y permitir un crecimiento ordenado, medible y escalable\n<\/h2>\t\t\t\t<\/div>\n\t\t\t\t<\/div>\n\t\t<div class=\"elementor-element elementor-element-f472f74 e-con-full e-flex e-con e-child\" data-id=\"f472f74\" data-element_type=\"container\" data-e-type=\"container\">\n\t\t\t\t<div class=\"elementor-element elementor-element-1c91ca6 elementor-widget elementor-widget-image\" data-id=\"1c91ca6\" data-element_type=\"widget\" data-e-type=\"widget\" data-widget_type=\"image.default\">\n\t\t\t\t\t\t\t\t\t\t\t\t\t\t\t<img decoding=\"async\" width=\"1024\" height=\"338\" src=\"https:\/\/avisionbusiness.com\/wp-content\/uploads\/2026\/03\/Gemini_Generated_Image_czxuevczxuevczxu-1024x338.png\" class=\"attachment-large size-large wp-image-773\" alt=\"\" srcset=\"https:\/\/avisionbusiness.com\/wp-content\/uploads\/2026\/03\/Gemini_Generated_Image_czxuevczxuevczxu-1024x338.png 1024w, https:\/\/avisionbusiness.com\/wp-content\/uploads\/2026\/03\/Gemini_Generated_Image_czxuevczxuevczxu-300x99.png 300w, https:\/\/avisionbusiness.com\/wp-content\/uploads\/2026\/03\/Gemini_Generated_Image_czxuevczxuevczxu-768x253.png 768w, https:\/\/avisionbusiness.com\/wp-content\/uploads\/2026\/03\/Gemini_Generated_Image_czxuevczxuevczxu-1536x507.png 1536w, https:\/\/avisionbusiness.com\/wp-content\/uploads\/2026\/03\/Gemini_Generated_Image_czxuevczxuevczxu.png 1794w\" sizes=\"(max-width: 1024px) 100vw, 1024px\" \/>\t\t\t\t\t\t\t\t\t\t\t\t\t\t\t<\/div>\n\t\t\t\t<\/div>\n\t\t\t\t\t<\/div>\n\t\t\t\t<\/div>\n\t\t<div class=\"elementor-element elementor-element-c9c4e5f e-flex e-con-boxed e-con e-parent\" data-id=\"c9c4e5f\" data-element_type=\"container\" data-e-type=\"container\" data-settings=\"{&quot;background_background&quot;:&quot;classic&quot;}\">\n\t\t\t\t\t<div class=\"e-con-inner\">\n\t\t<div class=\"elementor-element elementor-element-bd98a21 e-con-full e-flex e-con e-child\" data-id=\"bd98a21\" data-element_type=\"container\" data-e-type=\"container\">\n\t\t\t\t<div class=\"elementor-element elementor-element-866ac2e elementor-invisible elementor-widget elementor-widget-heading\" data-id=\"866ac2e\" data-element_type=\"widget\" data-e-type=\"widget\" data-settings=\"{&quot;motion_fx_motion_fx_scrolling&quot;:&quot;yes&quot;,&quot;_animation&quot;:&quot;fadeInLeft&quot;,&quot;motion_fx_devices&quot;:[&quot;desktop&quot;,&quot;tablet&quot;,&quot;mobile&quot;]}\" data-widget_type=\"heading.default\">\n\t\t\t\t\t<h2 class=\"elementor-heading-title elementor-size-default\">Mision<\/h2>\t\t\t\t<\/div>\n\t\t\t\t<div class=\"elementor-element elementor-element-d56955d elementor-invisible elementor-widget elementor-widget-heading\" data-id=\"d56955d\" data-element_type=\"widget\" data-e-type=\"widget\" data-settings=\"{&quot;_animation&quot;:&quot;zoomIn&quot;}\" data-widget_type=\"heading.default\">\n\t\t\t\t\t<h2 class=\"elementor-heading-title elementor-size-default\">Nuestra Misi\u00f3n es ayudar a due\u00f1os de negocio a construir un flujo predecible de clientes mediante sistemas claros, medibles y automatizados con inteligencia artificial.<\/h2>\t\t\t\t<\/div>\n\t\t\t\t<div class=\"elementor-element elementor-element-dafbda9 elementor-invisible elementor-widget elementor-widget-heading\" data-id=\"dafbda9\" data-element_type=\"widget\" data-e-type=\"widget\" data-settings=\"{&quot;_animation&quot;:&quot;zoomIn&quot;}\" data-widget_type=\"heading.default\">\n\t\t\t\t\t<h2 class=\"elementor-heading-title elementor-size-default\">Trabajamos con empresarios comprometidos con su creciemiento, proporcionandoles estructura, estrategia y control total sobre su proceso comercial.<\/h2>\t\t\t\t<\/div>\n\t\t\t\t<\/div>\n\t\t<div class=\"elementor-element elementor-element-2fd7703 e-con-full e-flex e-con e-child\" data-id=\"2fd7703\" data-element_type=\"container\" data-e-type=\"container\">\n\t\t\t\t<div class=\"elementor-element elementor-element-8c0b8dd elementor-widget elementor-widget-image\" data-id=\"8c0b8dd\" data-element_type=\"widget\" data-e-type=\"widget\" data-widget_type=\"image.default\">\n\t\t\t\t\t\t\t\t\t\t\t\t\t\t\t<img decoding=\"async\" width=\"1024\" height=\"338\" src=\"https:\/\/avisionbusiness.com\/wp-content\/uploads\/2026\/03\/Gemini_Generated_Image_p5bujp5bujp5bujp-1024x338.png\" class=\"attachment-large size-large wp-image-775\" alt=\"\" srcset=\"https:\/\/avisionbusiness.com\/wp-content\/uploads\/2026\/03\/Gemini_Generated_Image_p5bujp5bujp5bujp-1024x338.png 1024w, https:\/\/avisionbusiness.com\/wp-content\/uploads\/2026\/03\/Gemini_Generated_Image_p5bujp5bujp5bujp-300x99.png 300w, https:\/\/avisionbusiness.com\/wp-content\/uploads\/2026\/03\/Gemini_Generated_Image_p5bujp5bujp5bujp-768x253.png 768w, https:\/\/avisionbusiness.com\/wp-content\/uploads\/2026\/03\/Gemini_Generated_Image_p5bujp5bujp5bujp-1536x507.png 1536w, https:\/\/avisionbusiness.com\/wp-content\/uploads\/2026\/03\/Gemini_Generated_Image_p5bujp5bujp5bujp.png 1794w\" sizes=\"(max-width: 1024px) 100vw, 1024px\" \/>\t\t\t\t\t\t\t\t\t\t\t\t\t\t\t<\/div>\n\t\t\t\t<\/div>\n\t\t\t\t\t<\/div>\n\t\t\t\t<\/div>\n\t\t<div class=\"elementor-element elementor-element-379b892 e-flex e-con-boxed e-con e-parent\" data-id=\"379b892\" data-element_type=\"container\" data-e-type=\"container\" data-settings=\"{&quot;background_background&quot;:&quot;classic&quot;}\">\n\t\t\t\t\t<div class=\"e-con-inner\">\n\t\t\t\t<div class=\"elementor-element elementor-element-211f7ce elementor-invisible elementor-widget elementor-widget-heading\" data-id=\"211f7ce\" data-element_type=\"widget\" data-e-type=\"widget\" data-settings=\"{&quot;motion_fx_motion_fx_scrolling&quot;:&quot;yes&quot;,&quot;_animation&quot;:&quot;fadeInLeft&quot;,&quot;motion_fx_devices&quot;:[&quot;desktop&quot;,&quot;tablet&quot;,&quot;mobile&quot;]}\" data-widget_type=\"heading.default\">\n\t\t\t\t\t<h2 class=\"elementor-heading-title elementor-size-default\">Nuestro Viaje<\/h2>\t\t\t\t<\/div>\n\t\t\t\t\t<\/div>\n\t\t\t\t<\/div>\n\t\t<div class=\"elementor-element elementor-element-431868f e-flex e-con-boxed e-con e-parent\" data-id=\"431868f\" data-element_type=\"container\" data-e-type=\"container\" data-settings=\"{&quot;background_background&quot;:&quot;classic&quot;}\">\n\t\t\t\t\t<div class=\"e-con-inner\">\n\t\t<div class=\"elementor-element elementor-element-34e2258 e-con-full e-flex e-con e-child\" data-id=\"34e2258\" data-element_type=\"container\" data-e-type=\"container\">\n\t\t\t\t<div class=\"elementor-element elementor-element-fd7e41d elementor-widget elementor-widget-text-editor\" data-id=\"fd7e41d\" data-element_type=\"widget\" data-e-type=\"widget\" data-widget_type=\"text-editor.default\">\n\t\t\t\t\t\t\t\t\t<p>Llegada a un <span style=\"color: #0092ff;\">nuevo Pa\u00eds<\/span><\/p>\t\t\t\t\t\t\t\t<\/div>\n\t\t\t\t<\/div>\n\t\t<div class=\"elementor-element elementor-element-efe0afa e-con-full e-flex e-con e-child\" data-id=\"efe0afa\" data-element_type=\"container\" data-e-type=\"container\">\n\t\t\t\t<div class=\"elementor-element elementor-element-c16d2da elementor-invisible elementor-widget elementor-widget-heading\" data-id=\"c16d2da\" data-element_type=\"widget\" data-e-type=\"widget\" data-settings=\"{&quot;_animation&quot;:&quot;zoomIn&quot;}\" data-widget_type=\"heading.default\">\n\t\t\t\t\t<h2 class=\"elementor-heading-title elementor-size-default\">Esa etapa marc\u00f3 un punto de inflexi\u00f3n. Comprendi\u00f3 que deb\u00eda luchar estrat\u00e9gicamente por su futuro y decidi\u00f3 entender la econom\u00eda del pa\u00eds desde adentro. Con ese prop\u00f3sito se prepar\u00f3 para ingresar al sector financiero. Aunque no dominaba el idioma, se comprometi\u00f3 a aprender ingl\u00e9s hasta obtener una posici\u00f3n en Bank of America en 2017<\/h2>\t\t\t\t<\/div>\n\t\t\t\t<\/div>\n\t\t\t\t\t<\/div>\n\t\t\t\t<\/div>\n\t\t<div class=\"elementor-element elementor-element-a9624c4 e-flex e-con-boxed e-con e-parent\" data-id=\"a9624c4\" data-element_type=\"container\" data-e-type=\"container\" data-settings=\"{&quot;background_background&quot;:&quot;classic&quot;}\">\n\t\t\t\t\t<div class=\"e-con-inner\">\n\t\t<div class=\"elementor-element elementor-element-6463d3c e-con-full e-flex e-con e-child\" data-id=\"6463d3c\" data-element_type=\"container\" data-e-type=\"container\">\n\t\t\t\t<div class=\"elementor-element elementor-element-b24159f elementor-widget elementor-widget-text-editor\" data-id=\"b24159f\" data-element_type=\"widget\" data-e-type=\"widget\" data-widget_type=\"text-editor.default\">\n\t\t\t\t\t\t\t\t\t<p>Primer <span style=\"color: #0092ff;\">Empresa<\/span><\/p>\t\t\t\t\t\t\t\t<\/div>\n\t\t\t\t<\/div>\n\t\t<div class=\"elementor-element elementor-element-f14e809 e-con-full e-flex e-con e-child\" data-id=\"f14e809\" data-element_type=\"container\" data-e-type=\"container\">\n\t\t\t\t<div class=\"elementor-element elementor-element-6e4086b elementor-invisible elementor-widget elementor-widget-heading\" data-id=\"6e4086b\" data-element_type=\"widget\" data-e-type=\"widget\" data-settings=\"{&quot;_animation&quot;:&quot;zoomIn&quot;}\" data-widget_type=\"heading.default\">\n\t\t\t\t\t<h2 class=\"elementor-heading-title elementor-size-default\">En 2019, con el nacimiento de su hija Lara, inici\u00f3 su empresa de remodelaci\u00f3n de casas en Memphis, TN, USA. <\/h2>\t\t\t\t<\/div>\n\t\t\t\t<\/div>\n\t\t\t\t\t<\/div>\n\t\t\t\t<\/div>\n\t\t<div class=\"elementor-element elementor-element-bccec19 e-flex e-con-boxed e-con e-parent\" data-id=\"bccec19\" data-element_type=\"container\" data-e-type=\"container\" data-settings=\"{&quot;background_background&quot;:&quot;classic&quot;}\">\n\t\t\t\t\t<div class=\"e-con-inner\">\n\t\t<div class=\"elementor-element elementor-element-f06ee86 e-con-full e-flex e-con e-child\" data-id=\"f06ee86\" data-element_type=\"container\" data-e-type=\"container\">\n\t\t\t\t<div class=\"elementor-element elementor-element-9eb3215 elementor-widget elementor-widget-text-editor\" data-id=\"9eb3215\" data-element_type=\"widget\" data-e-type=\"widget\" data-widget_type=\"text-editor.default\">\n\t\t\t\t\t\t\t\t\t<p>Segunda <span style=\"color: #0092ff;\">Empresa<\/span><\/p>\t\t\t\t\t\t\t\t<\/div>\n\t\t\t\t<\/div>\n\t\t<div class=\"elementor-element elementor-element-709ae17 e-con-full e-flex e-con e-child\" data-id=\"709ae17\" data-element_type=\"container\" data-e-type=\"container\">\n\t\t\t\t<div class=\"elementor-element elementor-element-6650384 elementor-invisible elementor-widget elementor-widget-heading\" data-id=\"6650384\" data-element_type=\"widget\" data-e-type=\"widget\" data-settings=\"{&quot;_animation&quot;:&quot;zoomIn&quot;}\" data-widget_type=\"heading.default\">\n\t\t\t\t\t<h2 class=\"elementor-heading-title elementor-size-default\">M\u00e1s adelante, en 2024, expandi\u00f3 su experiencia empresarial ingresando al sector automotriz, especializ\u00e1ndose en la venta y financiamiento de veh\u00edculos en Memphis, TN, USA. \nEn ambos negocios enfrent\u00f3 el mismo desaf\u00edo que limita a muchos emprendedores: mantener un flujo constante y predecible de clientes para crecer de forma sostenible.<\/h2>\t\t\t\t<\/div>\n\t\t\t\t<\/div>\n\t\t\t\t\t<\/div>\n\t\t\t\t<\/div>\n\t\t<div class=\"elementor-element elementor-element-9b799f9 e-flex e-con-boxed e-con e-parent\" data-id=\"9b799f9\" data-element_type=\"container\" data-e-type=\"container\" data-settings=\"{&quot;background_background&quot;:&quot;classic&quot;}\">\n\t\t\t\t\t<div class=\"e-con-inner\">\n\t\t<div class=\"elementor-element elementor-element-07343a6 e-con-full e-flex e-con e-child\" data-id=\"07343a6\" data-element_type=\"container\" data-e-type=\"container\">\n\t\t\t\t<div class=\"elementor-element elementor-element-431498b elementor-widget elementor-widget-text-editor\" data-id=\"431498b\" data-element_type=\"widget\" data-e-type=\"widget\" data-widget_type=\"text-editor.default\">\n\t\t\t\t\t\t\t\t\t<p>El Sistema que lo <span style=\"color: #0092ff;\">cambi\u00f3 todo<\/span><\/p>\t\t\t\t\t\t\t\t<\/div>\n\t\t\t\t<\/div>\n\t\t<div class=\"elementor-element elementor-element-1ef2ad3 e-con-full e-flex e-con e-child\" data-id=\"1ef2ad3\" data-element_type=\"container\" data-e-type=\"container\">\n\t\t\t\t<div class=\"elementor-element elementor-element-5eb7af0 elementor-invisible elementor-widget elementor-widget-heading\" data-id=\"5eb7af0\" data-element_type=\"widget\" data-e-type=\"widget\" data-settings=\"{&quot;_animation&quot;:&quot;zoomIn&quot;}\" data-widget_type=\"heading.default\">\n\t\t\t\t\t<h2 class=\"elementor-heading-title elementor-size-default\">De esa experiencia directa naci\u00f3 una plataforma dise\u00f1ada para resolver ese problema desde la ra\u00edz: generar clientes de manera estable, gestionarlos en un solo sistema y automatizar el proceso comercial mediante inteligencia artificial.\n\nArmando identifica el problema principal dentro del proceso de ventas, va directo a la soluci\u00f3n correcta y la implementa con estructura. Este servicio est\u00e1 dirigido a due\u00f1os de negocio que realmente desean subir de nivel con claridad, control y direcci\u00f3n estrat\u00e9gica.<\/h2>\t\t\t\t<\/div>\n\t\t\t\t<\/div>\n\t\t\t\t\t<\/div>\n\t\t\t\t<\/div>\n\t\t\t\t<\/div>\n\t\t","protected":false},"excerpt":{"rendered":"<p>Qui\u00e9nes Somos Como Inicio Todo Armando Vanegas lleg\u00f3 a Estados Unidos en 2016 como refugiado desde Venezuela. Comenz\u00f3 desde cero, trabajando intensamente en distintos empleos, incluso realizando trabajos f\u00edsicos exigentes en condiciones dif\u00edciles, como limpiar barras de metal con un martillo hidr\u00e1ulico en lugares remotos. Quiero escalar mi negocio Nuestro Enfoque No nos limitamos a [&hellip;]<\/p>\n","protected":false},"author":2,"featured_media":0,"parent":0,"menu_order":0,"comment_status":"closed","ping_status":"closed","template":"","meta":{"ocean_post_layout":"full-screen","ocean_both_sidebars_style":"","ocean_both_sidebars_content_width":0,"ocean_both_sidebars_sidebars_width":0,"ocean_sidebar":"","ocean_second_sidebar":"","ocean_disable_margins":"enable","ocean_add_body_class":"","ocean_shortcode_before_top_bar":"","ocean_shortcode_after_top_bar":"","ocean_shortcode_before_header":"","ocean_shortcode_after_header":"","ocean_has_shortcode":"","ocean_shortcode_after_title":"","ocean_shortcode_before_footer_widgets":"","ocean_shortcode_after_footer_widgets":"","ocean_shortcode_before_footer_bottom":"","ocean_shortcode_after_footer_bottom":"","ocean_display_top_bar":"default","ocean_display_header":"default","ocean_header_style":"","ocean_center_header_left_menu":"","ocean_custom_header_template":"","ocean_custom_logo":0,"ocean_custom_retina_logo":0,"ocean_custom_logo_max_width":0,"ocean_custom_logo_tablet_max_width":0,"ocean_custom_logo_mobile_max_width":0,"ocean_custom_logo_max_height":0,"ocean_custom_logo_tablet_max_height":0,"ocean_custom_logo_mobile_max_height":0,"ocean_header_custom_menu":"","ocean_menu_typo_font_family":"","ocean_menu_typo_font_subset":"","ocean_menu_typo_font_size":0,"ocean_menu_typo_font_size_tablet":0,"ocean_menu_typo_font_size_mobile":0,"ocean_menu_typo_font_size_unit":"px","ocean_menu_typo_font_weight":"","ocean_menu_typo_font_weight_tablet":"","ocean_menu_typo_font_weight_mobile":"","ocean_menu_typo_transform":"","ocean_menu_typo_transform_tablet":"","ocean_menu_typo_transform_mobile":"","ocean_menu_typo_line_height":0,"ocean_menu_typo_line_height_tablet":0,"ocean_menu_typo_line_height_mobile":0,"ocean_menu_typo_line_height_unit":"","ocean_menu_typo_spacing":0,"ocean_menu_typo_spacing_tablet":0,"ocean_menu_typo_spacing_mobile":0,"ocean_menu_typo_spacing_unit":"","ocean_menu_link_color":"","ocean_menu_link_color_hover":"","ocean_menu_link_color_active":"","ocean_menu_link_background":"","ocean_menu_link_hover_background":"","ocean_menu_link_active_background":"","ocean_menu_social_links_bg":"","ocean_menu_social_hover_links_bg":"","ocean_menu_social_links_color":"","ocean_menu_social_hover_links_color":"","ocean_disable_title":"on","ocean_disable_heading":"default","ocean_post_title":"","ocean_post_subheading":"","ocean_post_title_style":"","ocean_post_title_background_color":"","ocean_post_title_background":0,"ocean_post_title_bg_image_position":"","ocean_post_title_bg_image_attachment":"","ocean_post_title_bg_image_repeat":"","ocean_post_title_bg_image_size":"","ocean_post_title_height":0,"ocean_post_title_bg_overlay":0.5,"ocean_post_title_bg_overlay_color":"","ocean_disable_breadcrumbs":"default","ocean_breadcrumbs_color":"","ocean_breadcrumbs_separator_color":"","ocean_breadcrumbs_links_color":"","ocean_breadcrumbs_links_hover_color":"","ocean_display_footer_widgets":"default","ocean_display_footer_bottom":"default","ocean_custom_footer_template":"","_joinchat":[],"footnotes":""},"class_list":["post-726","page","type-page","status-publish","hentry","entry"],"_hostinger_reach_plugin_has_subscription_block":false,"_hostinger_reach_plugin_is_elementor":false,"_links":{"self":[{"href":"https:\/\/avisionbusiness.com\/espanish\/wp-json\/wp\/v2\/pages\/726","targetHints":{"allow":["GET"]}}],"collection":[{"href":"https:\/\/avisionbusiness.com\/espanish\/wp-json\/wp\/v2\/pages"}],"about":[{"href":"https:\/\/avisionbusiness.com\/espanish\/wp-json\/wp\/v2\/types\/page"}],"author":[{"embeddable":true,"href":"https:\/\/avisionbusiness.com\/espanish\/wp-json\/wp\/v2\/users\/2"}],"replies":[{"embeddable":true,"href":"https:\/\/avisionbusiness.com\/espanish\/wp-json\/wp\/v2\/comments?post=726"}],"version-history":[{"count":22,"href":"https:\/\/avisionbusiness.com\/espanish\/wp-json\/wp\/v2\/pages\/726\/revisions"}],"predecessor-version":[{"id":793,"href":"https:\/\/avisionbusiness.com\/espanish\/wp-json\/wp\/v2\/pages\/726\/revisions\/793"}],"wp:attachment":[{"href":"https:\/\/avisionbusiness.com\/espanish\/wp-json\/wp\/v2\/media?parent=726"}],"curies":[{"name":"wp","href":"https:\/\/api.w.org\/{rel}","templated":true}]}}